{"id":21,"date":"2023-07-03T03:39:17","date_gmt":"2023-07-03T03:39:17","guid":{"rendered":"https:\/\/alojamientolacasadelpintor.es\/booking-confirmation\/booking-canceled\/"},"modified":"2025-05-02T13:30:59","modified_gmt":"2025-05-02T11:30:59","slug":"reserva-cancelada","status":"publish","type":"page","link":"https:\/\/alojamientolacasadelpintor.es\/es\/gestion-de-reserva\/reserva-cancelada\/","title":{"rendered":"Reserva Cancelada"},"content":{"rendered":"\t\t<div data-elementor-type=\"wp-page\" data-elementor-id=\"21\" class=\"elementor elementor-21\" data-elementor-post-type=\"page\">\n\t\t\t\t\t\t<section class=\"elementor-section elementor-top-section elementor-element elementor-element-1c151a3b elementor-section-boxed elementor-section-height-default elementor-section-height-default\" data-id=\"1c151a3b\" data-element_type=\"section\">\r\n\t\t\t\t\t\t<div class=\"elementor-container elementor-column-gap-default jws_section_\" >\r\n\t\t\t\t<div class=\"elementor-column elementor-col-100 elementor-top-column elementor-element elementor-element-28a892c7\" data-id=\"28a892c7\" data-element_type=\"column\">\n\t\t\t<div class=\"elementor-widget-wrap elementor-element-populated\">\n\t\t\t\t\t\t<div class=\"elementor-element elementor-element-3306b3fc elementor-widget elementor-widget-text-editor\" data-id=\"3306b3fc\" data-element_type=\"widget\" data-widget_type=\"text-editor.default\">\n\t\t\t\t<div class=\"elementor-widget-container\">\n\t\t\t\t\t\t\t<p style=\"text-align: center;\">Su reserva ha sido cancelada.\u00a0<span style=\"color: var( --e-global-color-text ); font-size: var( --e-global-typography-text-font-size ); font-weight: var( --e-global-typography-text-font-weight );\">Le esperamos en otra ocasi\u00f3n.<\/span><\/p><p style=\"text-align: center;\"><span style=\"color: var( --e-global-color-text ); font-size: var( --e-global-typography-text-font-size ); font-weight: var( --e-global-typography-text-font-weight );\">No obstante, nos gustar\u00eda conocer los motivos de su decisi\u00f3n. Por favor, seleccione de la siguiente lista:<\/span><\/p>\t\t\t\t\t\t<\/div>\n\t\t\t\t<\/div>\n\t\t\t\t<div class=\"elementor-element elementor-element-0c84c7a elementor-widget elementor-widget-text-editor\" data-id=\"0c84c7a\" data-element_type=\"widget\" data-widget_type=\"text-editor.default\">\n\t\t\t\t<div class=\"elementor-widget-container\">\n\t\t\t\t\t\t\t<script type=\"text\/javascript\" src=\"https:\/\/form.jotform.com\/jsform\/242842133542047\"><\/script>\t\t\t\t\t\t<\/div>\n\t\t\t\t<\/div>\n\t\t\t\t\t<\/div>\n\t\t<\/div>\n\t\t\t\t      \r\n            \r\n              \r\n            \r\n            \t\r\n\t\t\t<\/div>\r\n\t\t<\/section>\r\n\t\t\t\t<\/div>\n\t\t","protected":false},"excerpt":{"rendered":"<p>Su reserva ha sido cancelada.\u00a0Le esperamos en otra ocasi\u00f3n. No obstante, nos gustar\u00eda conocer los motivos de su decisi\u00f3n. Por favor, seleccione de la siguiente lista:<\/p>\n","protected":false},"author":1,"featured_media":0,"parent":19,"menu_order":0,"comment_status":"closed","ping_status":"closed","template":"","meta":{"_acf_changed":false,"footnotes":""},"class_list":["post-21","page","type-page","status-publish","hentry"],"acf":[],"_links":{"self":[{"href":"https:\/\/alojamientolacasadelpintor.es\/es\/wp-json\/wp\/v2\/pages\/21"}],"collection":[{"href":"https:\/\/alojamientolacasadelpintor.es\/es\/wp-json\/wp\/v2\/pages"}],"about":[{"href":"https:\/\/alojamientolacasadelpintor.es\/es\/wp-json\/wp\/v2\/types\/page"}],"author":[{"embeddable":true,"href":"https:\/\/alojamientolacasadelpintor.es\/es\/wp-json\/wp\/v2\/users\/1"}],"replies":[{"embeddable":true,"href":"https:\/\/alojamientolacasadelpintor.es\/es\/wp-json\/wp\/v2\/comments?post=21"}],"version-history":[{"count":5,"href":"https:\/\/alojamientolacasadelpintor.es\/es\/wp-json\/wp\/v2\/pages\/21\/revisions"}],"predecessor-version":[{"id":14173,"href":"https:\/\/alojamientolacasadelpintor.es\/es\/wp-json\/wp\/v2\/pages\/21\/revisions\/14173"}],"up":[{"embeddable":true,"href":"https:\/\/alojamientolacasadelpintor.es\/es\/wp-json\/wp\/v2\/pages\/19"}],"wp:attachment":[{"href":"https:\/\/alojamientolacasadelpintor.es\/es\/wp-json\/wp\/v2\/media?parent=21"}],"curies":[{"name":"wp","href":"https:\/\/api.w.org\/{rel}","templated":true}]}}