{"id":13679,"date":"2024-09-30T17:41:21","date_gmt":"2024-09-30T15:41:21","guid":{"rendered":"https:\/\/alojamientolacasadelpintor.es\/aviso-legal-copy\/"},"modified":"2025-05-02T13:31:01","modified_gmt":"2025-05-02T11:31:01","slug":"poltica-privacidad","status":"publish","type":"page","link":"https:\/\/alojamientolacasadelpintor.es\/es\/poltica-privacidad\/","title":{"rendered":"Pol\u00edtica de privacidad"},"content":{"rendered":"\t\t<div data-elementor-type=\"wp-page\" data-elementor-id=\"13679\" class=\"elementor elementor-13679\" data-elementor-post-type=\"page\">\n\t\t\t\t\t\t<section class=\"elementor-section elementor-top-section elementor-element elementor-element-6b45b1bf elementor-section-boxed elementor-section-height-default elementor-section-height-default\" data-id=\"6b45b1bf\" data-element_type=\"section\">\r\n\t\t\t\t\t\t<div class=\"elementor-container elementor-column-gap-default jws_section_\" >\r\n\t\t\t\t<div class=\"elementor-column elementor-col-100 elementor-top-column elementor-element elementor-element-1851cae6\" data-id=\"1851cae6\" data-element_type=\"column\">\n\t\t\t<div class=\"elementor-widget-wrap elementor-element-populated\">\n\t\t\t\t\t\t<div class=\"elementor-element elementor-element-116e27c5 elementor-widget elementor-widget-text-editor\" data-id=\"116e27c5\" data-element_type=\"widget\" data-widget_type=\"text-editor.default\">\n\t\t\t\t<div class=\"elementor-widget-container\">\n\t\t\t\t\t\t\t<p><\/p>\n<h4><strong>Pol\u00edtica de Protecci\u00f3n de Datos de Car\u00e1cter Personal<\/strong><\/h4>\n<p>El titular de la web y responsable del tratamiento, <strong>CARLOS ALBERTO DOVAO HIDALGO<\/strong><strong>,\u00a0<\/strong>con domicilio en C\/ Duque de Rivas, 33, 41930 Bormujos, Sevilla y NIF: <strong>48944031P\u00a0<\/strong>es el titular del Portal y lo pone a disposici\u00f3n de los usuarios de Internet, con el fin tanto de proporcionar informaci\u00f3n sobre los servicios que presta\u00a0<strong>ALOJAMIENTO LA CASA DEL PINTOR, <\/strong>as\u00ed como el de permitir la prestaci\u00f3n de servicios a trav\u00e9s del Portal.<\/p>\n<p><strong><u>Datos de Contacto<\/u><\/strong><\/p>\n<p>Para cualquier gesti\u00f3n o solicitud con respecto a la privacidad de\u00a0<strong>CARLOS ALBERTO DOVAO HIDALGO<\/strong>, el usuario podr\u00e1 dirigirse a nuestra direcci\u00f3n de correo electr\u00f3nico a\u00a0<a href=\"mailto:info@alojamientolacasadelpintor.es\">info@alojamientolacasadelpintor.es<\/a><\/p>\n<h5>\u00a0<\/h5>\n<h5><strong>1.- Finalidad \u00bfCon qu\u00e9 finalidades tratamos sus datos?<\/strong><\/h5>\n<p><strong>CARLOS ALBERTO DOVAO HIDALGO<\/strong> informa al Usuario de la existencia de un tratamiento de datos de car\u00e1cter personal (<strong>tratamiento denominado \u201cUSUARIOS WEB\u201d<\/strong>) creado con los datos obtenidos en la p\u00e1gina web por y para <strong>CARLOS ALBERTO DOVAO HIDALGO<\/strong>\u00a0y bajo su responsabilidad.\u00a0<\/p>\n<p>Dicho tratamiento ha sido creado con la finalidad de facilitar informaci\u00f3n sobre la prestaci\u00f3n de los servicios ofrecidos por el Portal, as\u00ed como atender y gestionar las consultas realizadas por los usuarios a trav\u00e9s de esta v\u00eda.<\/p>\n<ul>\n<li>Los plazos de conservaci\u00f3n de los datos que los usuarios nos proporcionen a trav\u00e9s de los formularios presentes en la web son los siguientes:\n<ul>\n<li>En el caso de consultas: Una vez contestada la consulta, el a\u00f1o en curso<\/li>\n<li>En el caso de contratar alguno de nuestros servicios: Mientras dure la relaci\u00f3n contractual<\/li>\n<\/ul>\n<\/li>\n<\/ul>\n<h5>\u00a0<\/h5>\n<h5><strong>2.- Legitimaci\u00f3n \u00bfCu\u00e1l es la legitimaci\u00f3n para el tratamiento de sus datos?<\/strong><\/h5>\n<p>La base legal para el tratamiento de los datos personales de los usuarios es el\u00a0<strong>propio consentimiento del interesado<\/strong>.<\/p>\n<p>Asimismo, la oferta prospectiva de servicios est\u00e1 basada en el consentimiento que se solicita al usuario sin que ning\u00fan caso la retirada de este consentimiento condicione la ejecuci\u00f3n de otras finalidades.<\/p>\n<p>El usuario no tiene la obligaci\u00f3n de facilitarnos sus datos personales, pero en caso de no facilitarnos los datos m\u00ednimos solicitados, no se podr\u00e1n llevar a cabo las operaciones que se ofrecen online en nuestra web, tales como atender las consultas, contactar, dejar un comentario, participar y\/o acceder a seg\u00fan qu\u00e9 apartados de la web.<\/p>\n<p>Adem\u00e1s, informamos que el usuario podr\u00e1 revocar el consentimiento para la recogida y tratamiento de sus datos personales en cualquier momento, mediante el procedimiento que establecemos para ello, sin que ello afecte a la licitud del tratamiento basado en el consentimiento previo a su retirada.<\/p>\n<h5>\u00a0<\/h5>\n<h5><strong>3.- Destinatarios \u00bfA qu\u00e9 destinatarios se comunicar\u00e1n sus datos?<\/strong><\/h5>\n<p>Los datos que se recogen en esta web mediante los formularios correspondientes no ser\u00e1n cedidos a terceros y \u00fanicamente podr\u00e1n ser objeto de comunicaci\u00f3n a otras empresas que ejercen de encargados del tratamiento de datos personales, y que solo tratar\u00e1n los datos conforme a las estrictas indicaciones que <strong>CARLOS ALBERTO DOVAO HIDALGO<\/strong>\u00a0establece con dichos encargados. En todo caso los datos ser\u00e1n comunicados dentro del espacio de la Uni\u00f3n Europea y solo para los fines anteriormente indicados.<\/p>\n<h5>\u00a0<\/h5>\n<h5><strong>4.- Derechos \u00bfCu\u00e1les son sus derechos cuando nos facilita sus datos?<\/strong><\/h5>\n<p>A los usuarios de la web titularidad de <strong>CARLOS ALBERTO DOVAO HIDALGO<\/strong>\u00a0se les garantiza los derechos que se establecen en la legislaci\u00f3n en materia de Protecci\u00f3n de Datos Personales:<\/p>\n<p>En primer lugar, el usuario tiene derecho a obtener una confirmaci\u00f3n sobre si en <strong>CARLOS ALBERTO DOVAO HIDALGO<\/strong>\u00a0se est\u00e1n tratando datos personales que le conciernan o no.<\/p>\n<p>Los usuarios tendr\u00e1n derecho a acceder a sus datos personales, as\u00ed como a solicitar la rectificaci\u00f3n de los datos que sean inexactos o, en su caso, solicitar su supresi\u00f3n, oposici\u00f3n o limitaci\u00f3n cuando, entre otros motivos, los datos ya no sean necesarios para los fines que fueron recogidos, as\u00ed como la portabilidad para facilitar sus datos personales a un nuevo responsable.<\/p>\n<p>Los usuarios tienen derecho a oponerse al tratamiento de sus datos personales, por lo que <strong>CARLOS ALBERTO DOVAO HIDALGO<\/strong>\u00a0dejar\u00e1 de tratar sus datos, salvo si existen motivos leg\u00edtimos, imperiosos, o el ejercicio o la defensa de posibles reclamaciones.<\/p>\n<p>Los usuarios tienen la facultad de solicitar a <strong>CARLOS ALBERTO DOVAO HIDALGO<\/strong>\u00a0que limite los tratamientos de sus datos personales cuando se cumplan los requisitos que el Reglamento UE 2016\/679 y la Ley Org\u00e1nica 3\/2018, de 5 de diciembre, de Protecci\u00f3n de Datos Personales y garant\u00eda de los derechos digitales exigen.<\/p>\n<p><strong>CARLOS ALBERTO DOVAO HIDALGO<\/strong> le informa que tiene implantadas las medidas de seguridad de \u00edndole t\u00e9cnica y organizativas necesarias que garanticen la seguridad de sus datos de car\u00e1cter personal y eviten su alteraci\u00f3n, p\u00e9rdida, tratamiento y\/o acceso no autorizado, seg\u00fan lo dispuesto en el RGPD 2016\/679 de 27 de abril de 2016 y la Ley Org\u00e1nica 3\/2018, de 5 de diciembre, de Protecci\u00f3n de Datos Personales y garant\u00eda de los derechos digitales.<\/p>\n<p>Por \u00faltimo, informamos que cualquier interesado podr\u00e1 presentar una reclamaci\u00f3n ante la Agencia Espa\u00f1ola de Protecci\u00f3n de Datos, especialmente cuando no haya obtenido satisfacci\u00f3n en el ejercicio de sus derechos.<\/p>\n<p>En el siguiente link obtendr\u00e1 m\u00e1s informaci\u00f3n sobre las reclamaciones ante la Agencia Espa\u00f1ola de Protecci\u00f3n de Datos:<\/p>\n<p><a href=\"https:\/\/sedeagpd.gob.es\/sede-electronica-web\/vistas\/infoSede\/tramitesCiudadano.jsf\">https:\/\/sedeagpd.gob.es\/sede-electronica-web\/vistas\/infoSede\/tramitesCiudadano.jsf<\/a><\/p>\n<h5>\u00a0<\/h5>\n<h5><strong>5.- Comunicaciones Comerciales<\/strong><\/h5>\n<p><strong>CARLOS ALBERTO DOVAO HIDALGO<\/strong> podr\u00e1 enviar comunicaciones comerciales por cualquier medio con pleno respeto a la legislaci\u00f3n que en materia de protecci\u00f3n de datos personales se encuentre vigente.<\/p>\n<p>Para las comunicaciones comerciales realizadas a trav\u00e9s del correo electr\u00f3nico y medios equivalentes en cumplimiento de lo dispuesto en la Ley 34\/2002, de 11 de julio, de Servicios de la Sociedad de la Informaci\u00f3n y de Comercio Electr\u00f3nico, ser\u00e1 debidamente recabado el consentimiento del Usuario en el momento de recoger los datos correspondientes.<\/p>\n<p>El Usuario podr\u00e1 revocar en cualquier momento el consentimiento prestado a la recepci\u00f3n de las comunicaciones personales con la simple notificaci\u00f3n de su voluntad a <strong>CARLOS ALBERTO DOVAO HIDALGO\u00a0<\/strong>\u00a0a nuestra direcci\u00f3n de correo electr\u00f3nico:\u00a0<a href=\"mailto:contacto@alojamientolacasadelpintor.es\">contacto@alojamientolacasadelpintor.es<\/a><\/p>\n<p><\/p>\t\t\t\t\t\t<\/div>\n\t\t\t\t<\/div>\n\t\t\t\t\t<\/div>\n\t\t<\/div>\n\t\t\t\t      \r\n            \r\n              \r\n            \r\n            \t\r\n\t\t\t<\/div>\r\n\t\t<\/section>\r\n\t\t\t\t<\/div>\n\t\t","protected":false},"excerpt":{"rendered":"<p>Pol\u00edtica de Protecci\u00f3n de Datos de Car\u00e1cter Personal El titular de la web y responsable del tratamiento, CARLOS ALBERTO DOVAO HIDALGO,\u00a0con domicilio en C\/ Duque de Rivas, 33, 41930 Bormujos, Sevilla y NIF: 48944031P\u00a0es el titular del Portal y lo pone a disposici\u00f3n de los usuarios de Internet, con el fin tanto de proporcionar informaci\u00f3n [&hellip;]<\/p>\n","protected":false},"author":1,"featured_media":0,"parent":0,"menu_order":0,"comment_status":"closed","ping_status":"closed","template":"","meta":{"_acf_changed":false,"footnotes":""},"class_list":["post-13679","page","type-page","status-publish","hentry"],"acf":[],"_links":{"self":[{"href":"https:\/\/alojamientolacasadelpintor.es\/es\/wp-json\/wp\/v2\/pages\/13679"}],"collection":[{"href":"https:\/\/alojamientolacasadelpintor.es\/es\/wp-json\/wp\/v2\/pages"}],"about":[{"href":"https:\/\/alojamientolacasadelpintor.es\/es\/wp-json\/wp\/v2\/types\/page"}],"author":[{"embeddable":true,"href":"https:\/\/alojamientolacasadelpintor.es\/es\/wp-json\/wp\/v2\/users\/1"}],"replies":[{"embeddable":true,"href":"https:\/\/alojamientolacasadelpintor.es\/es\/wp-json\/wp\/v2\/comments?post=13679"}],"version-history":[{"count":10,"href":"https:\/\/alojamientolacasadelpintor.es\/es\/wp-json\/wp\/v2\/pages\/13679\/revisions"}],"predecessor-version":[{"id":14615,"href":"https:\/\/alojamientolacasadelpintor.es\/es\/wp-json\/wp\/v2\/pages\/13679\/revisions\/14615"}],"wp:attachment":[{"href":"https:\/\/alojamientolacasadelpintor.es\/es\/wp-json\/wp\/v2\/media?parent=13679"}],"curies":[{"name":"wp","href":"https:\/\/api.w.org\/{rel}","templated":true}]}}