{"id":12318,"date":"2024-09-09T17:06:40","date_gmt":"2024-09-09T15:06:40","guid":{"rendered":"https:\/\/alojamientolacasadelpintor.es\/aviso-legal-copy\/"},"modified":"2025-05-02T13:31:26","modified_gmt":"2025-05-02T11:31:26","slug":"terminos-y-condiciones","status":"publish","type":"page","link":"https:\/\/alojamientolacasadelpintor.es\/es\/terminos-y-condiciones\/","title":{"rendered":"T\u00e9rminos y Condiciones"},"content":{"rendered":"\t\t<div data-elementor-type=\"wp-page\" data-elementor-id=\"12318\" class=\"elementor elementor-12318\" data-elementor-post-type=\"page\">\n\t\t\t\t\t\t<section class=\"elementor-section elementor-top-section elementor-element elementor-element-6b45b1bf elementor-section-boxed elementor-section-height-default elementor-section-height-default\" data-id=\"6b45b1bf\" data-element_type=\"section\">\r\n\t\t\t\t\t\t<div class=\"elementor-container elementor-column-gap-default jws_section_\" >\r\n\t\t\t\t<div class=\"elementor-column elementor-col-100 elementor-top-column elementor-element elementor-element-1851cae6\" data-id=\"1851cae6\" data-element_type=\"column\">\n\t\t\t<div class=\"elementor-widget-wrap elementor-element-populated\">\n\t\t\t\t\t\t<div class=\"elementor-element elementor-element-116e27c5 elementor-widget elementor-widget-text-editor\" data-id=\"116e27c5\" data-element_type=\"widget\" data-widget_type=\"text-editor.default\">\n\t\t\t\t<div class=\"elementor-widget-container\">\n\t\t\t\t\t\t\t<p><!-- wp:paragraph --><\/p>\n<p>Estos t\u00e9rminos y condiciones (que pueden ser modificados en cualquier momento) son aplicables a todos los servicios directos o indirectos disponibles online, a trav\u00e9s de cualquier dispositivo m\u00f3vil, por correo electr\u00f3nico o por tel\u00e9fono. Al acceder, navegar y utilizar nuestro sitio web (<a href=\"http:\/\/www.alojamientolacasadelpintor.es\">www.alojamientolacasadelpintor.es<\/a>) o a cualquiera de nuestras aplicaciones disponibles a trav\u00e9s de plataformas (\u00ablos sitios webs\u00bb) y\/o realizar una reserva, aceptas haber le\u00eddo, entendido y estar de acuerdo con los t\u00e9rminos y condiciones que se muestran a continuaci\u00f3n (incluyendo el fragmento referente a la privacidad).<\/p>\n<p>Esta p\u00e1gina, su contenido, estructura, infraestructura y el servicio de reservas de alojamientos que proporciona esta p\u00e1gina pertenecen, son gestionados y suministrados por\u00a0<strong>Alojamiento La Casa del Pintor | Carlos Dovao Hidalgo,<\/strong>\u00a0CIF:\u00a0<strong>48944031P,<\/strong>\u00a0con direcci\u00f3n\u00a0<strong>Calle La Cuesta 25 Aldea Arroyo 21342 Almonaster La Real (Huelva)<\/strong><\/p>\n<p>\u00a0<\/p>\n<h4><strong>CONDICIONES DE LAS RESERVAS y T\u00c9RMINOS DE FORMA DE PAGO<\/strong><\/h4>\n<p>Alojamiento La Casa del Pintor no realiza reservas de menos de 2 noches, salvo promociones o paquetes especiales realizados por el propio establecimiento.<\/p>\n<p>Las reservas y las solicitudes de informaci\u00f3n se pueden efectuar por tel\u00e9fono, e-mail o a trav\u00e9s de cualquiera de sus formularios. Alojamiento La Casa del Pintor confirmar\u00e1 siempre la disponibilidad de la casa mediante \u201ce-mail\u201d a todos los clientes interesados que lo soliciten, quienes facilitar\u00e1n al establecimiento los datos necesarios para poder realizar el bloqueo de las reservas durante el periodo solicitado hasta que se haga efectivo el 100% del pago del dep\u00f3sito de la estancia.<\/p>\n<p>Nuestra web propia detallar\u00e1 el presupuesto de alojamiento, fechas de entrada y salida, Condiciones de Contrataci\u00f3n y Pol\u00edtica de Cancelaci\u00f3n, as\u00ed como cualquier otra informaci\u00f3n requerida por el cliente o por el establecimiento.<\/p>\n<p>Ninguna reserva tendr\u00e1 car\u00e1cter vinculante hasta que el cliente no haya aceptado la oferta y abonado el importe de la reserva y como se detalla en el siguiente punto.<\/p>\n<p>En el momento de formalizar la reserva, se ingresar\u00e1 el importe total de la reserva mediante tarjeta de cr\u00e9dito, o\u00a0transferencia bancaria al n\u00famero de cuenta que se facilitar\u00e1 en la web o por correo electr\u00f3nico. Las reservas se confirmar\u00e1n por correo electr\u00f3nico una vez recibido el abono en cuenta.<\/p>\n<p>Alojamiento La Casa del Pintor s\u00f3lo dar\u00e1 por confirmada una reserva cuando pueda verificar que el dep\u00f3sito solicitado haya sido abonado, momento en el cu\u00e1l ser\u00e1 enviada la confirmaci\u00f3n de la reserva junto con los detalles de la misma.<\/p>\n<p>La confirmaci\u00f3n de la reserva, junto con el justificante de la transferencia, servir\u00e1n como garant\u00eda de los servicios contratados.<\/p>\n<p>Si no se recibe por e-mail el justificante de la transferencia por el importe acordado o la recepci\u00f3n del pago por BIZUM \u00f3 tarjeta de cr\u00e9dito \/d\u00e9bito, la confirmaci\u00f3n de disponibilidad ser\u00e1 autom\u00e1ticamente anulada y la solicitud de reserva cancelada, quedando la casa a disposici\u00f3n de otros clientes interesados.<\/p>\n<p>Alojamiento La Casa del Pintor se compromete a entregar el alojamiento en perfectas condiciones de limpieza y uso, y a dar soluci\u00f3n, en la medida de lo posible, a los problemas que se presenten.<\/p>\n<p>Dichos datos est\u00e1n debidamente protegidos por la Ley Oficial de Protecci\u00f3n de Datos de Car\u00e1cter Personal.<\/p>\n<p>\u00a0<\/p>\n<h4><strong>TARIFAS<\/strong><\/h4>\n<ul>\n<li>Los precios incluyen el 10% de IVA<\/li>\n<li>Los precios del alojamiento ser\u00e1n los que aparecen en la pagina web, pudiendo no ser coincidentes con las tarifas que aparezcan en plataformas externas a la misma (AirBnB, Booking, etc)<\/li>\n<\/ul>\n<p>\u00a0<\/p>\n<h4><strong>NI\u00d1OS Y BEB\u00c9S<\/strong><\/h4>\n<p>Al hacer la reserva y para poder aplicar la tarifa correspondiente, se indicar\u00e1 el total de personas tanto de adultos como de ni\u00f1os que ocupen cama (los ni\u00f1os menores de 14 a\u00f1os no pagar\u00e1n tarifa de ocupaci\u00f3n). Los ni\u00f1os \/ adolescentes mayores de 14 a\u00f1os se considerar\u00e1n como adultos en cuanto a la ocupaci\u00f3n y tarifas de precios. Bajo ninguna circunstancia se permitir\u00e1n m\u00e1s personas que las establecidas seg\u00fan el n\u00famero m\u00e1ximo mencionado en la confirmaci\u00f3n de la reserva, incluido ni\u00f1os. Si el n\u00famero de personas sobrepasa la capacidad indicada, el propietario puede exigir una compensaci\u00f3n econ\u00f3mica proporcional al precio por persona y se reserva el derecho de admisi\u00f3n o cancelaci\u00f3n de la reserva.<\/p>\n<p>\u00a0<\/p>\n<h4><strong>POL\u00cdTICA DE CANCELACI\u00d3N<\/strong><\/h4>\n<p>En nuestras tarifas de contrataci\u00f3n, establecemos dos tipos: siendo NO REEMBOLSABLE la tarifa m\u00e1s econ\u00f3mica, pero sin posibilidad de cancelaci\u00f3n y la STANDARD, de precio superior a la anterior, pero con posibilidad de cancelaci\u00f3n hasta 5 d\u00edas antes de la entrada.<\/p>\n<p>Cancelaci\u00f3n con m\u00e1s de 5 d\u00edas antes de la llegada: se devolver\u00e1 el importe \u00edntegro de la reserva.<\/p>\n<p>Cancelaci\u00f3n con menos de 5 d\u00edas antes de la llegada: no habr\u00e1 devoluci\u00f3n de la cantidad abonada.<\/p>\n<p>En los casos en los que haya que realizar devoluci\u00f3n al cliente, dicha devoluci\u00f3n se realizar\u00e1 mediante transferencia bancaria a un n\u00famero de cuenta facilitado por el cliente a trav\u00e9s de correo electr\u00f3nico a\u00a0<a href=\"mailto:contacto@alojamientolacasadelpintor.es\">contacto@alojamientolacasadelpintor.es<\/a>. Alojamiento La Casa del Pintor no se hace responsable de errores en la cuenta facilitada por el cliente. Es responsabilidad del cliente facilitar correctamente la informaci\u00f3n para realizar la devoluci\u00f3n.<\/p>\n<p>En el caso de que el cliente cambie las fechas, ser\u00e1 entendido como una nueva reserva y estar\u00e1 sujeta a las condiciones de cancelaci\u00f3n.<\/p>\n<p>Cualquier cancelaci\u00f3n, incluyendo fuerza mayor, estar\u00e1 sujeta a nuestra pol\u00edtica de cancelaci\u00f3n.<\/p>\n<p>Todas las cancelaciones deber\u00e1n hacerse a trav\u00e9s de correo electr\u00f3nico a\u00a0<a href=\"mailto:contacto@alojamientolacasadelpintor.es\">contacto@alojamientolacasadelpintor.es <\/a>o trav\u00e9s de los emails recibidos de nuestra empresa en relaci\u00f3n a la reserva.<\/p>\n<p>Las cancelaciones por tel\u00e9fono no son aceptadas.<\/p>\n<p>Interrupci\u00f3n de la estancia: No se realizar\u00e1 devoluci\u00f3n ni abono alguno en caso de interrumpir la estancia en el alojamiento.<\/p>\n<p>\u00a0<\/p>\n<h4><strong>FIANZA<\/strong><\/h4>\n<p>No se establecer\u00e1 una cuota o pago inicial por fianza. La casa se entregar\u00e1 limpia y en perfecto estado de habitabilidad.\u00a0Tenga en cuenta que al aceptar nuestros T\u00e9rminos y Condiciones usted acepta que los da\u00f1os causados por usted o por las personas que le acompa\u00f1an podr\u00e1n ser reclamados por nuestra empresa, una vez valorado el informe de da\u00f1os o desperfectos.<\/p>\n<p>\u00a0<\/p>\n<h4><strong>LLEGADA \/ CHECK-IN<\/strong><\/h4>\n<p>Por favor, aseg\u00farese de informarnos de la hora aproximada de su llegada y de cualquier retraso o cambio en la hora establecida, con el fin de planificar su check-in.<\/p>\n<p>Para su acceso a la vivienda se le facilitar\u00e1 el c\u00f3digo de acceso a las llaves del alojamiento, por lo que no ser\u00e1 necesario el check- in presencial por nuestra parte. No obstante, es probable que, dependiendo del horario y calendario de entrada, si sea realizado en persona por nosotros mismos.<\/p>\n<p>El horario de entrada ser\u00e1 a partir de las 15:00 horas del d\u00eda de su llegada y sin l\u00edmite horario hacia adelante. Si requiriese entrar antes de esa hora, deber\u00e1 comunicarlo por email a<a href=\"mailto:contacto@alojamientolacasadelpintor.es\"> contacto@alojamientolacasadelpintor.es <\/a>al menos con 3 d\u00edas de antelaci\u00f3n a la llegada. La aceptaci\u00f3n o no de su petici\u00f3n le ser\u00e1 comunicada por el mismo medio.<\/p>\n<p>\u00a0<\/p>\n<h4><strong>SALIDA \/ CHECK-OUT<\/strong><\/h4>\n<p>La hora de salida establecida son a las 12:00 del mediod\u00eda. El late check-out estar\u00e1 siempre sujeto a disponibilidad y aceptaci\u00f3n por parte del propietario.<\/p>\n<p>Cualquier salida posterior a las 12:00 del mediod\u00eda estar\u00e1 sujeta a la totalidad del precio por noche.\u00a0<\/p>\n<p>Por favor, entregue el juego de llaves en la caja de seguridad, o a la persona de contacto en \u201cAlojamiento La Casa del Pintor\u201d y aseg\u00farese de que dispone de todo su equipaje.<\/p>\n<p>\u00a0<\/p>\n<h4><strong>LIMPIEZA<\/strong><\/h4>\n<p>La casa se limpia antes de la llegada de cada cliente. Dejando las camas vestidas y un juego de toallas por cada hu\u00e9sped. <span style=\"font-size: 1rem;\">Al salir, el cliente est\u00e1 obligado a dejar la casa en condiciones razonables y con toda la basura desecha correctamente en los bombos de basura habilitados para ello en la Aldea.<\/span><\/p>\n<p>\u00a0<\/p>\n<h4><strong>CLIENTE-COMPORTAMIENTO<\/strong><\/h4>\n<p>Los t\u00e9rminos y condiciones de Alojamiento La Casa del Pintor, con respecto a los disturbios, la m\u00fasica alta y las fiestas son muy claros: TODOS EST\u00c1N ESTRICTAMENTE PROHIBIDOS. Los clientes alojados en Alojamiento La Casa del Pintor deben saber que si la voz y m\u00fasica a todo volumen se escuchan, o los vecinos se quejan, puede resultar en el desalojo inmediato sin importar la hora del d\u00eda o de la noche.<\/p>\n<p>El cliente ser\u00e1 responsable del comportamiento correcto y decente de todas las personas que le acompa\u00f1an. En caso de que esa persona, o cualquiera de las personas acompa\u00f1antes no se comporte de una manera adecuada y responsable, Alojamiento La Casa del Pintor tendr\u00e1 derecho a solicitar al cliente y a las personas que le acompa\u00f1en abandonar la casa sin derecho de \u00e9ste a reclamar ning\u00fan tipo de compensaci\u00f3n. Esto tambi\u00e9n significa la p\u00e9rdida del importe pagado.<\/p>\n<p>\u00a0<\/p>\n<h4><strong>NORMAS DE LA CASA<\/strong><\/h4>\n<ul>\n<li>Los hu\u00e9spedes se hacen responsables de mantener la casa correctamente cerrada en su ausencia.<\/li>\n<li>Los hu\u00e9spedes no podr\u00e1n realizar en la casa actividades molestas, insalubres, nocivas, peligrosas o il\u00edcitas.<\/li>\n<li>Bajo ninguna circunstancia se permitir\u00e1n m\u00e1s personas que las establecidas seg\u00fan el n\u00famero contratado en la reserva. S\u00ed el n\u00famero de clientes sobrepasa la capacidad de acogida indicada en la reserva, el propietario puede exigir una compensaci\u00f3n econ\u00f3mica proporcional al precio por persona.<\/li>\n<li>Las instalaciones se mantendr\u00e1n en perfecto estado de uso, cada objeto en su lugar original. En caso de producirse alg\u00fan desperfecto sobre las instalaciones este deber\u00e1 ser comunicado al propietario y el cliente asumir su coste de reparaci\u00f3n.<\/li>\n<li>Los hu\u00e9spedes deber\u00e1n tratar la casa y su contenido con respeto y no sustraer nada de la misma, ser\u00e1n responsables de los da\u00f1os causados.<\/li>\n<li>Deposite la basura en los contenedores a tal efecto, no la deje en el exterior, ni en las papeleras de peque\u00f1o tama\u00f1o, los animales podr\u00edan esparcirla. JAM\u00c1S arroje al contenedor de basuras ceniza que posiblemente contenga fuego.<\/li>\n<li>Est\u00e1 totalmente prohibido fumar en la casa, salvo en el patio exterior.<\/li>\n<li>Las mascotas son bienvenidas bajo petici\u00f3n (con un m\u00e1ximo de 2 mascotas). Los hu\u00e9spedes son los responsables de evitar que se suban en el mobiliario (camas, sofas, sillones, sillas&#8230;) as\u00ed como de que estas produzcan desperfectos en las instalaciones, y tendr\u00e1n que abonar el coste en el caso de que produzca alg\u00fan da\u00f1o. Tambi\u00e9n recaer\u00e1 sobre el due\u00f1o de la mascota la posible responsabilidad civil derivada de las acciones sobre terceros de su animal de compa\u00f1\u00eda.\u00a0<\/li>\n<\/ul>\n<p>\u00a0<\/p>\n<p>Cuide la casa, por favor, y respete el descanso de los dem\u00e1s, as\u00ed como a sus propietarios y en general hacia todo el entorno. Alojamiento La Casa del Pintor agradecer\u00e1 cualquier sugerencia que pueda ofrecernos para poder hacer m\u00e1s agradable su estancia.<\/p>\n<p><strong>\u00a0<\/strong><\/p>\n<h4><strong>CONSIDERACIONES FINALES<\/strong><\/h4>\n<p><strong>Alojamiento La Casa del Pintor\u00a0<\/strong>se reserva el derecho a modificar estas condiciones generales en cualquier momento sin necesidad de notificaci\u00f3n ni aviso previo, por lo tanto, la prestaci\u00f3n de este servicio tiene una duraci\u00f3n limitada al momento en el que el usuario se encuentre conectado a la p\u00e1gina web o a alguno de los servicios que a trav\u00e9s del mismo se facilitan.<\/p>\n<p>Mediante la realizaci\u00f3n de la reserva, usted acepta que ha le\u00eddo, entendido y ha aceptado las presentes condiciones generales. Si hay alg\u00fan elemento de estas condiciones generales que no comprende totalmente, o tiene alguna duda o pregunta, por favor, contacte con nosotros.<\/p>\n<p>En caso de que usted realice la reserva para dos o m\u00e1s personas, la persona que realice la reserva deber\u00e1 estar autorizado para poder representar a todos aquellos en nombre de los que haya hecho la misma, as\u00ed como aceptar la responsabilidad derivada de los pagos realizados en nombre de estas personas, incluidos los gastos por cancelaci\u00f3n o los derivados de rectificaciones o modificaciones. Asimismo, deber\u00e1 informar a todos aquellos en cuyo nombre haya realizado la reserva, de los detalles de la reserva, as\u00ed como de cualquier otra informaci\u00f3n relevante. Aseg\u00farese de que todos los datos personales facilitados durante su reserva son correctos y veraces.<\/p>\n<p>El usuario declara que es mayor de edad, es decir, tiene, al menos, 18 a\u00f1os y dispone de la capacidad legal necesaria para vincularse por este acuerdo y para utilizar este sitio web de conformidad con las Condiciones Generales aqu\u00ed enunciadas, que comprende y entiende en su totalidad. Si usted es menor de 18 a\u00f1os, y viaja con adultos pero sin sus padres o tutores legales, \u00e9stos deber\u00e1n asumir la responsabilidad derivada de la reserva, as\u00ed como todas las obligaciones y gastos que de la misma se deriven.<\/p>\n<p>Las presentes condiciones generales de contrataci\u00f3n se regular\u00e1n por las\u00a0<a href=\"http:\/\/www.juntadeandalucia.es\/turismoycomercio\/documentacion\/143320796.pdf\">leyes de regulaci\u00f3n y ordenaci\u00f3n<\/a>\u00a0de alojamientos de turismo rural de la Comunidad Aut\u00f3noma de Andaluc\u00eda, y las partes se someter\u00e1n, en caso de discrepancia, a los organismos de arbitraje de la Junta.<\/p>\n<p><!-- \/wp:paragraph --><\/p>\t\t\t\t\t\t<\/div>\n\t\t\t\t<\/div>\n\t\t\t\t\t<\/div>\n\t\t<\/div>\n\t\t\t\t      \r\n            \r\n              \r\n            \r\n            \t\r\n\t\t\t<\/div>\r\n\t\t<\/section>\r\n\t\t\t\t<\/div>\n\t\t","protected":false},"excerpt":{"rendered":"<p>Estos t\u00e9rminos y condiciones (que pueden ser modificados en cualquier momento) son aplicables a todos los servicios directos o indirectos disponibles online, a trav\u00e9s de cualquier dispositivo m\u00f3vil, por correo electr\u00f3nico o por tel\u00e9fono. Al acceder, navegar y utilizar nuestro sitio web (www.alojamientolacasadelpintor.es) o a cualquiera de nuestras aplicaciones disponibles a trav\u00e9s de plataformas (\u00ablos [&hellip;]<\/p>\n","protected":false},"author":1,"featured_media":0,"parent":0,"menu_order":0,"comment_status":"closed","ping_status":"closed","template":"","meta":{"_acf_changed":false,"footnotes":""},"class_list":["post-12318","page","type-page","status-publish","hentry"],"acf":[],"_links":{"self":[{"href":"https:\/\/alojamientolacasadelpintor.es\/es\/wp-json\/wp\/v2\/pages\/12318"}],"collection":[{"href":"https:\/\/alojamientolacasadelpintor.es\/es\/wp-json\/wp\/v2\/pages"}],"about":[{"href":"https:\/\/alojamientolacasadelpintor.es\/es\/wp-json\/wp\/v2\/types\/page"}],"author":[{"embeddable":true,"href":"https:\/\/alojamientolacasadelpintor.es\/es\/wp-json\/wp\/v2\/users\/1"}],"replies":[{"embeddable":true,"href":"https:\/\/alojamientolacasadelpintor.es\/es\/wp-json\/wp\/v2\/comments?post=12318"}],"version-history":[{"count":64,"href":"https:\/\/alojamientolacasadelpintor.es\/es\/wp-json\/wp\/v2\/pages\/12318\/revisions"}],"predecessor-version":[{"id":13528,"href":"https:\/\/alojamientolacasadelpintor.es\/es\/wp-json\/wp\/v2\/pages\/12318\/revisions\/13528"}],"wp:attachment":[{"href":"https:\/\/alojamientolacasadelpintor.es\/es\/wp-json\/wp\/v2\/media?parent=12318"}],"curies":[{"name":"wp","href":"https:\/\/api.w.org\/{rel}","templated":true}]}}