{"id":12309,"date":"2024-09-09T16:53:42","date_gmt":"2024-09-09T14:53:42","guid":{"rendered":"https:\/\/alojamientolacasadelpintor.es\/?page_id=12309"},"modified":"2025-05-02T13:30:24","modified_gmt":"2025-05-02T11:30:24","slug":"aviso-legal","status":"publish","type":"page","link":"https:\/\/alojamientolacasadelpintor.es\/es\/aviso-legal\/","title":{"rendered":"Aviso Legal"},"content":{"rendered":"\t\t<div data-elementor-type=\"wp-page\" data-elementor-id=\"12309\" class=\"elementor elementor-12309\" data-elementor-post-type=\"page\">\n\t\t\t\t\t\t<section class=\"elementor-section elementor-top-section elementor-element elementor-element-6b45b1bf elementor-section-boxed elementor-section-height-default elementor-section-height-default\" data-id=\"6b45b1bf\" data-element_type=\"section\">\r\n\t\t\t\t\t\t<div class=\"elementor-container elementor-column-gap-default jws_section_\" >\r\n\t\t\t\t<div class=\"elementor-column elementor-col-100 elementor-top-column elementor-element elementor-element-1851cae6\" data-id=\"1851cae6\" data-element_type=\"column\">\n\t\t\t<div class=\"elementor-widget-wrap elementor-element-populated\">\n\t\t\t\t\t\t<div class=\"elementor-element elementor-element-116e27c5 elementor-widget elementor-widget-text-editor\" data-id=\"116e27c5\" data-element_type=\"widget\" data-widget_type=\"text-editor.default\">\n\t\t\t\t<div class=\"elementor-widget-container\">\n\t\t\t\t\t\t\t<p><!-- wp:paragraph --><\/p>\n<h4><strong>Introducci\u00f3n<\/strong><\/h4>\n<p>En cumplimiento de la Ley 34\/2002, de 11 de julio, de Servicios de la Sociedad de la Informaci\u00f3n y de Comercio Electr\u00f3nico (LSSI-CE), <strong>Alojamiento La Casa del Pintor | Carlos Dovao Hidalgo<\/strong> informa que es titular del sitio web. De acuerdo con la exigencia del art\u00edculo 10 de la citada Ley, <strong>Carlos Dovao Hidalgo<\/strong> informa de los siguientes datos:<\/p>\n<p>Raz\u00f3n social: CARLOS DOVAO HIDALGO<br \/>NIF: 48944031P<br \/>Dominio: alojamientolacasadelpintor.es<br \/>Direcci\u00f3n postal: Calle La Cuesta 25. Aldea Arroyo 21342 &#8211; Almonaster la Real (Huelva)<br \/>Direcci\u00f3n electr\u00f3nica: <a href=\"mailto:contacto@alojamientolacasadelpintor.es\">contacto@alojamientolacasadelpintor.es\u00a0<\/a><br \/>Tel\u00e9fono: <a href=\"tel:0034622251750\">+34 622 251 750<\/a><\/p>\n<h4><strong>Usuario y r\u00e9gimen de responsabilidades<\/strong><\/h4>\n<p>La navegaci\u00f3n, acceso y uso por el sitio web de Alojamiento La Casa del Pintor | Carlos Dovao Hidalgo confiere la condici\u00f3n de usuario. El sitio web de Alojamiento La Casa del Pintor | Carlos Dovao Hidalgo proporciona gran diversidad de informaci\u00f3n, servicios y datos. El usuario asume su responsabilidad en el uso correcto del sitio web. Esta responsabilidad se extender\u00e1 a: La veracidad y licitud de las informaciones aportadas por el usuario en los formularios extendidos por Alojamiento La Casa del Pintor | Carlos Dovao Hidalgo para el acceso a ciertos contenidos o servicios ofrecidos por el web. El uso de la informaci\u00f3n, servicios y datos ofrecidos por Alojamiento La Casa del Pintor | Carlos Dovao Hidalgo contrariamente a lo dispuesto por las presentes condiciones, la Ley, la moral, las buenas costumbres o el orden p\u00fablico, o que de cualquier otro modo puedan suponer lesi\u00f3n de los derechos de terceros o del mismo funcionamiento del sitio web.<\/p>\n<h4><strong>Pol\u00edtica de enlaces y exenciones de responsabilidad<\/strong><\/h4>\n<p>Alojamiento La Casa del Pintor | Carlos Dovao Hidalgo no se hace responsable del contenido de los sitios web a los que el usuario pueda acceder a trav\u00e9s de los enlaces establecidos en su sitio web, siempre que no tenga conocimiento efectivo de que la actividad o la informaci\u00f3n a la que remite o recomienda es il\u00edcita o de que lesiona bienes o derechos de un tercero susceptibles de indemnizaci\u00f3n, o, en caso de tenerlo, act\u00fae con diligencia para suprimir o inutilizar el enlace correspondiente.<\/p>\n<p>Se entender\u00e1 que Alojamiento La Casa del Pintor | Carlos Dovao Hidalgo tiene el conocimiento efectivo a que se refiere el p\u00e1rrafo anterior cuando un \u00f3rgano competente haya declarado la ilicitud de los datos, ordenado su retirada o que se imposibilite el acceso a los mismos, o se hubiera declarado la existencia de la lesi\u00f3n, y Alojamiento La Casa del Pintor | Carlos Dovao Hidalgo conociera la correspondiente resoluci\u00f3n, sin perjuicio de los procedimientos de detecci\u00f3n y retirada de contenidos que Alojamiento La Casa del Pintor | Carlos Dovao Hidalgo aplique en virtud de acuerdos voluntarios y de otros medios de conocimiento efectivo que pudieran establecerse.<\/p>\n<p>Alojamiento La Casa del Pintor | Carlos Dovao Hidalgo declara haber adoptado todas las medidas necesarias para evitar cualquier da\u00f1o a los usuarios de su sitio web, que pudieran derivarse de la navegaci\u00f3n por su sitio web. En consecuencia, Alojamiento La Casa del Pintor | Carlos Dovao Hidalgo no se hace responsable, en ning\u00fan caso, de los eventuales da\u00f1os que por la navegaci\u00f3n por Internet pudiera sufrir el usuario. Asimismo, tampoco garantizar\u00e1 la disponibilidad t\u00e9cnica, exactitud, veracidad, validez o legalidad de sitios ajenos a su propiedad a los que se pueda acceder por medio de los enlaces.<\/p>\n<h4><strong>Modificaciones<\/strong><\/h4>\n<p>Alojamiento La Casa del Pintor | Carlos Dovao Hidalgo se reserva la facultad de efectuar, en cualquier momento y sin necesidad de previo aviso, modificaciones y actualizaciones de la informaci\u00f3n contenida en su sitio web o en la configuraci\u00f3n y presentaci\u00f3n de esta. Con objeto de mantener actualizada la informaci\u00f3n publicada, los contenidos del mismo podr\u00e1n ser modificados, corregidos, eliminados o a\u00f1adidos en cualquier momento, por cualquier forma admisible en derecho.<\/p>\n<h4><strong>Indicaci\u00f3n de precios<\/strong><\/h4>\n<p>En caso de que se muestren precios de productos y\/o servicios, los indicados en pantalla ser\u00e1n los vigentes en cada momento. Los precios ser\u00e1n indicados en euros y tendr\u00e1n incorporado el Impuesto sobre el Valor A\u00f1adido (IVA). En caso de que no se incorpore el IVA en el precio, se indicar\u00e1 de manera expresa y se permitir\u00e1 al usuario visualizar el precio final completo.<\/p>\n<p>Asimismo, si fuera aplicable cualquier otro impuesto, as\u00ed se indicar\u00eda, incluyendo, en su caso, el importe de los incrementos o descuentos que sean de aplicaci\u00f3n a la oferta y los gastos adicionales que puedan repercutir al consumidor o usuario.<\/p>\n<h4><strong>Propiedad intelectual e industrial<\/strong><\/h4>\n<p>Alojamiento La Casa del Pintor | Carlos Dovao Hidalgo por s\u00ed misma o como cesionaria, es titular de todos los derechos de propiedad intelectual e industrial de su p\u00e1gina web, as\u00ed como de los elementos contenidos en la misma (a t\u00edtulo enunciativo, im\u00e1genes, sonido, audio, v\u00eddeo, software o textos; marcas o logotipos, combinaciones de colores, estructura y dise\u00f1o, selecci\u00f3n de materiales usados, programas de ordenador necesarios para su funcionamiento, acceso y uso, etc.), titularidad de Alojamiento La Casa del Pintor | Carlos Dovao Hidalgo. Ser\u00e1n, por consiguiente, obras protegidas como propiedad intelectual por el ordenamiento jur\u00eddico espa\u00f1ol, si\u00e9ndoles aplicables tanto la normativa espa\u00f1ola y comunitaria en este campo, como los tratados internacionales relativos a la materia y suscritos por Espa\u00f1a.<\/p>\n<p>Todos los derechos reservados. En virtud de lo dispuesto en la Ley de Propiedad Intelectual, quedan expresamente prohibidas la reproducci\u00f3n, la distribuci\u00f3n y la comunicaci\u00f3n p\u00fablica, incluida su modalidad de puesta a disposici\u00f3n, de la totalidad o parte de los contenidos de esta p\u00e1gina web, con fines comerciales, en cualquier soporte y por cualquier medio t\u00e9cnico, sin la autorizaci\u00f3n de Alojamiento La Casa del Pintor | Carlos Dovao Hidalgo.<\/p>\n<p>El usuario se compromete a respetar los derechos de Propiedad Intelectual e Industrial titularidad de Alojamiento La Casa del Pintor | Carlos Dovao Hidalgo. Podr\u00e1 visualizar los elementos del portal e incluso imprimirlos, copiarlos y almacenarlos en el disco duro de su ordenador o en cualquier otro soporte f\u00edsico siempre y cuando sea, \u00fanica y exclusivamente, para su uso personal y privado. El usuario deber\u00e1 abstenerse de suprimir, alterar, eludir o manipular cualquier dispositivo de protecci\u00f3n o sistema de seguridad que estuviera instalado en las p\u00e1ginas de Alojamiento La Casa del Pintor | Carlos Dovao Hidalgo.<\/p>\n<h4><strong> Acciones legales, legislaci\u00f3n aplicable y jurisdicci\u00f3n<\/strong><\/h4>\n<p>Si el usuario desea presentar una reclamaci\u00f3n, deber\u00e1 contactar mediante el correo electr\u00f3nico contacto@alojamientolacasadelpintor.es. Asimismo, Alojamiento La Casa del Pintor | Carlos Dovao Hidalgo dispone de hojas oficiales de reclamaci\u00f3n a disposici\u00f3n de los consumidores y usuarios.<\/p>\n<p>Alojamiento La Casa del Pintor | Carlos Dovao Hidalgo se reserva la facultad de presentar las acciones civiles o penales que considere oportunas por la utilizaci\u00f3n indebida de su sitio web y contenidos, o por el incumplimiento de las presentes condiciones.<br \/>La relaci\u00f3n entre el usuario y el prestador se regir\u00e1 por la normativa vigente y de aplicaci\u00f3n en el territorio espa\u00f1ol. De surgir cualquier controversia las partes podr\u00e1n someter sus conflictos a arbitraje o acudir a la jurisdicci\u00f3n ordinaria cumpliendo con las normas sobre jurisdicci\u00f3n y competencia al respecto.<\/p>\n<p><!-- \/wp:paragraph --><\/p>\t\t\t\t\t\t<\/div>\n\t\t\t\t<\/div>\n\t\t\t\t\t<\/div>\n\t\t<\/div>\n\t\t\t\t      \r\n            \r\n              \r\n            \r\n            \t\r\n\t\t\t<\/div>\r\n\t\t<\/section>\r\n\t\t\t\t<\/div>\n\t\t","protected":false},"excerpt":{"rendered":"<p>Introducci\u00f3n En cumplimiento de la Ley 34\/2002, de 11 de julio, de Servicios de la Sociedad de la Informaci\u00f3n y de Comercio Electr\u00f3nico (LSSI-CE), Alojamiento La Casa del Pintor | Carlos Dovao Hidalgo informa que es titular del sitio web. De acuerdo con la exigencia del art\u00edculo 10 de la citada Ley, Carlos Dovao Hidalgo [&hellip;]<\/p>\n","protected":false},"author":1,"featured_media":0,"parent":0,"menu_order":0,"comment_status":"closed","ping_status":"closed","template":"","meta":{"_acf_changed":false,"footnotes":""},"class_list":["post-12309","page","type-page","status-publish","hentry"],"acf":[],"_links":{"self":[{"href":"https:\/\/alojamientolacasadelpintor.es\/es\/wp-json\/wp\/v2\/pages\/12309"}],"collection":[{"href":"https:\/\/alojamientolacasadelpintor.es\/es\/wp-json\/wp\/v2\/pages"}],"about":[{"href":"https:\/\/alojamientolacasadelpintor.es\/es\/wp-json\/wp\/v2\/types\/page"}],"author":[{"embeddable":true,"href":"https:\/\/alojamientolacasadelpintor.es\/es\/wp-json\/wp\/v2\/users\/1"}],"replies":[{"embeddable":true,"href":"https:\/\/alojamientolacasadelpintor.es\/es\/wp-json\/wp\/v2\/comments?post=12309"}],"version-history":[{"count":7,"href":"https:\/\/alojamientolacasadelpintor.es\/es\/wp-json\/wp\/v2\/pages\/12309\/revisions"}],"predecessor-version":[{"id":12317,"href":"https:\/\/alojamientolacasadelpintor.es\/es\/wp-json\/wp\/v2\/pages\/12309\/revisions\/12317"}],"wp:attachment":[{"href":"https:\/\/alojamientolacasadelpintor.es\/es\/wp-json\/wp\/v2\/media?parent=12309"}],"curies":[{"name":"wp","href":"https:\/\/api.w.org\/{rel}","templated":true}]}}