{"id":11327,"date":"2024-07-09T09:36:50","date_gmt":"2024-07-09T07:36:50","guid":{"rendered":"https:\/\/alojamientolacasadelpintor.es\/about-us-2-copy\/"},"modified":"2025-05-02T13:31:02","modified_gmt":"2025-05-02T11:31:02","slug":"quienes-somos","status":"publish","type":"page","link":"https:\/\/alojamientolacasadelpintor.es\/es\/quienes-somos\/","title":{"rendered":"Quienes Somos"},"content":{"rendered":"\t\t<div data-elementor-type=\"wp-page\" data-elementor-id=\"11327\" class=\"elementor elementor-11327\" data-elementor-post-type=\"page\">\n\t\t\t\t\t\t<section class=\"elementor-section elementor-top-section elementor-element elementor-element-7c509be elementor-section-height-full elementor-section-boxed elementor-section-height-default elementor-section-items-middle\" data-id=\"7c509be\" data-element_type=\"section\" data-settings=\"{&quot;background_background&quot;:&quot;classic&quot;}\">\r\n\t\t\t\t\t\t\t<div class=\"elementor-background-overlay\"><\/div>\r\n\t\t\t\t\t\t<div class=\"elementor-container elementor-column-gap-default jws_section_\" >\r\n\t\t\t\t<div class=\"elementor-column elementor-col-100 elementor-top-column elementor-element elementor-element-c279413\" data-id=\"c279413\" data-element_type=\"column\">\n\t\t\t<div class=\"elementor-widget-wrap elementor-element-populated\">\n\t\t\t\t\t\t<div class=\"elementor-element elementor-element-ba24b31 elementor-invisible elementor-widget elementor-widget-heading\" data-id=\"ba24b31\" data-element_type=\"widget\" data-settings=\"{&quot;_animation&quot;:&quot;fadeInUp&quot;}\" data-widget_type=\"heading.default\">\n\t\t\t\t<div class=\"elementor-widget-container\">\n\t\t\t<h2 class=\"elementor-heading-title elementor-size-default\">- Con\u00f3cenos -<\/h2>\t\t<\/div>\n\t\t\t\t<\/div>\n\t\t\t\t<div class=\"elementor-element elementor-element-b2045bd elementor-invisible elementor-widget elementor-widget-heading\" data-id=\"b2045bd\" data-element_type=\"widget\" data-settings=\"{&quot;_animation&quot;:&quot;fadeInUp&quot;,&quot;_animation_delay&quot;:100}\" data-widget_type=\"heading.default\">\n\t\t\t\t<div class=\"elementor-widget-container\">\n\t\t\t<h2 class=\"elementor-heading-title elementor-size-default\">Detr\u00e1s de La Casa del Pintor<\/h2>\t\t<\/div>\n\t\t\t\t<\/div>\n\t\t\t\t<div class=\"elementor-element elementor-element-39410a2 elementor-invisible elementor-widget elementor-widget-text-editor\" data-id=\"39410a2\" data-element_type=\"widget\" data-settings=\"{&quot;_animation&quot;:&quot;fadeInUp&quot;,&quot;_animation_delay&quot;:200}\" data-widget_type=\"text-editor.default\">\n\t\t\t\t<div class=\"elementor-widget-container\">\n\t\t\t\t\t\t\t<p>Quienes Somos<\/p>\t\t\t\t\t\t<\/div>\n\t\t\t\t<\/div>\n\t\t\t\t\t<\/div>\n\t\t<\/div>\n\t\t\t\t      \r\n            \r\n              \r\n            \r\n            \t\r\n\t\t\t<\/div>\r\n\t\t<\/section>\r\n\t\t\t\t<section class=\"elementor-section elementor-top-section elementor-element elementor-element-ab71f80 elementor-section-boxed elementor-section-height-default elementor-section-height-default\" data-id=\"ab71f80\" data-element_type=\"section\">\r\n\t\t\t\t\t\t<div class=\"elementor-container elementor-column-gap-default jws_section_\" >\r\n\t\t\t\t<div class=\"elementor-column elementor-col-50 elementor-top-column elementor-element elementor-element-29a9a72\" data-id=\"29a9a72\" data-element_type=\"column\">\n\t\t\t<div class=\"elementor-widget-wrap elementor-element-populated\">\n\t\t\t\t\t\t<div class=\"elementor-element elementor-element-f793b8e elementor-widget__width-initial elementor-widget-laptop__width-initial elementor-widget elementor-widget-heading\" data-id=\"f793b8e\" data-element_type=\"widget\" data-widget_type=\"heading.default\">\n\t\t\t\t<div class=\"elementor-widget-container\">\n\t\t\t<h2 class=\"elementor-heading-title elementor-size-default\">Somos Carlos Dovao y Amparo Valdemoro<\/h2>\t\t<\/div>\n\t\t\t\t<\/div>\n\t\t\t\t\t<\/div>\n\t\t<\/div>\n\t\t\t\t<div class=\"elementor-column elementor-col-50 elementor-top-column elementor-element elementor-element-2c89d3e\" data-id=\"2c89d3e\" data-element_type=\"column\">\n\t\t\t<div class=\"elementor-widget-wrap elementor-element-populated\">\n\t\t\t\t\t\t<div class=\"elementor-element elementor-element-2b8b469 elementor-widget elementor-widget-text-editor\" data-id=\"2b8b469\" data-element_type=\"widget\" data-widget_type=\"text-editor.default\">\n\t\t\t\t<div class=\"elementor-widget-container\">\n\t\t\t\t\t\t\t<p>Una pareja din\u00e1mica y emprendedora con una pasi\u00f3n compartida por el arte, el turismo y la naturaleza.<\/p><p><strong>Carlos Dovao<\/strong>, licenciado en Bellas Artes, es un artista pl\u00e1stico y gestor cultural. Su experiencia en el mundo del arte se refleja en cada rinc\u00f3n de la casa.\u00a0<strong>Amparo Valdemoro<\/strong>, diplomada en Turismo, aporta su conocimiento del sector para garantizar que cada hu\u00e9sped disfrute de una estancia inolvidable.<\/p><p>Hemos unido nuestras habilidades y nuestro amor por los proyectos cuidados y detallistas para crear\u00a0<a href=\"https:\/\/alojamientolacasadelpintor.es\/\">La Casa del Pintor<\/a>.<\/p>\t\t\t\t\t\t<\/div>\n\t\t\t\t<\/div>\n\t\t\t\t\t<\/div>\n\t\t<\/div>\n\t\t\t\t      \r\n            \r\n              \r\n            \r\n            \t\r\n\t\t\t<\/div>\r\n\t\t<\/section>\r\n\t\t\t\t<section class=\"elementor-section elementor-top-section elementor-element elementor-element-d79fa37 elementor-section-full_width elementor-section-height-default elementor-section-height-default\" data-id=\"d79fa37\" data-element_type=\"section\">\r\n\t\t\t\t\t\t<div class=\"elementor-container elementor-column-gap-no jws_section_\" >\r\n\t\t\t\t<div class=\"elementor-column elementor-col-50 elementor-top-column elementor-element elementor-element-22dedb3\" data-id=\"22dedb3\" data-element_type=\"column\">\n\t\t\t<div class=\"elementor-widget-wrap elementor-element-populated\">\n\t\t\t\t\t\t<div class=\"elementor-element elementor-element-5a08ef5 elementor-invisible elementor-widget elementor-widget-image\" data-id=\"5a08ef5\" data-element_type=\"widget\" data-settings=\"{&quot;_animation&quot;:&quot;fadeInLeft&quot;}\" data-widget_type=\"image.default\">\n\t\t\t\t<div class=\"elementor-widget-container\">\n\t\t\t\t\t\t\t\t\t\t\t\t\t<img fetchpriority=\"high\" decoding=\"async\" width=\"1006\" height=\"519\" src=\"https:\/\/alojamientolacasadelpintor.es\/wp-content\/uploads\/2024\/07\/qs_1.jpg\" class=\"attachment-full size-full wp-image-11335\" alt=\"\" srcset=\"https:\/\/alojamientolacasadelpintor.es\/wp-content\/uploads\/2024\/07\/qs_1.jpg 1006w, https:\/\/alojamientolacasadelpintor.es\/wp-content\/uploads\/2024\/07\/qs_1-300x155.jpg 300w, https:\/\/alojamientolacasadelpintor.es\/wp-content\/uploads\/2024\/07\/qs_1-768x396.jpg 768w, https:\/\/alojamientolacasadelpintor.es\/wp-content\/uploads\/2024\/07\/qs_1-600x310.jpg 600w\" sizes=\"(max-width: 1006px) 100vw, 1006px\" \/>\t\t\t\t\t\t\t\t\t\t\t\t\t<\/div>\n\t\t\t\t<\/div>\n\t\t\t\t\t<\/div>\n\t\t<\/div>\n\t\t\t\t<div class=\"elementor-column elementor-col-50 elementor-top-column elementor-element elementor-element-7d55d60\" data-id=\"7d55d60\" data-element_type=\"column\">\n\t\t\t<div class=\"elementor-widget-wrap elementor-element-populated\">\n\t\t\t\t\t\t<div class=\"elementor-element elementor-element-6a135a9 elementor-invisible elementor-widget elementor-widget-image\" data-id=\"6a135a9\" data-element_type=\"widget\" data-settings=\"{&quot;_animation&quot;:&quot;fadeInRight&quot;}\" data-widget_type=\"image.default\">\n\t\t\t\t<div class=\"elementor-widget-container\">\n\t\t\t\t\t\t\t\t\t\t\t\t\t<img decoding=\"async\" width=\"1054\" height=\"521\" src=\"https:\/\/alojamientolacasadelpintor.es\/wp-content\/uploads\/2024\/07\/qs_2.jpg\" class=\"attachment-full size-full wp-image-11336\" alt=\"\" srcset=\"https:\/\/alojamientolacasadelpintor.es\/wp-content\/uploads\/2024\/07\/qs_2.jpg 1054w, https:\/\/alojamientolacasadelpintor.es\/wp-content\/uploads\/2024\/07\/qs_2-300x148.jpg 300w, https:\/\/alojamientolacasadelpintor.es\/wp-content\/uploads\/2024\/07\/qs_2-1024x506.jpg 1024w, https:\/\/alojamientolacasadelpintor.es\/wp-content\/uploads\/2024\/07\/qs_2-768x380.jpg 768w, https:\/\/alojamientolacasadelpintor.es\/wp-content\/uploads\/2024\/07\/qs_2-600x297.jpg 600w\" sizes=\"(max-width: 1054px) 100vw, 1054px\" \/>\t\t\t\t\t\t\t\t\t\t\t\t\t<\/div>\n\t\t\t\t<\/div>\n\t\t\t\t\t<\/div>\n\t\t<\/div>\n\t\t\t\t      \r\n            \r\n              \r\n            \r\n            \t\r\n\t\t\t<\/div>\r\n\t\t<\/section>\r\n\t\t\t\t<section class=\"elementor-section elementor-top-section elementor-element elementor-element-c917f98 elementor-section-boxed elementor-section-height-default elementor-section-height-default elementor-invisible\" data-id=\"c917f98\" data-element_type=\"section\" data-settings=\"{&quot;background_background&quot;:&quot;classic&quot;,&quot;animation&quot;:&quot;fadeInUp&quot;}\">\r\n\t\t\t\t\t\t<div class=\"elementor-container elementor-column-gap-default jws_section_\" >\r\n\t\t\t\t<div class=\"elementor-column elementor-col-100 elementor-top-column elementor-element elementor-element-3860cae\" data-id=\"3860cae\" data-element_type=\"column\">\n\t\t\t<div class=\"elementor-widget-wrap elementor-element-populated\">\n\t\t\t\t\t\t<div class=\"elementor-element elementor-element-a1615ca elementor-invisible elementor-widget elementor-widget-image\" data-id=\"a1615ca\" data-element_type=\"widget\" data-settings=\"{&quot;_animation&quot;:&quot;fadeInUp&quot;}\" data-widget_type=\"image.default\">\n\t\t\t\t<div class=\"elementor-widget-container\">\n\t\t\t\t\t\t\t\t\t\t\t\t\t<img decoding=\"async\" width=\"115\" height=\"115\" src=\"https:\/\/alojamientolacasadelpintor.es\/wp-content\/uploads\/2024\/07\/Redondo.png\" class=\"attachment-full size-full wp-image-11157\" alt=\"\" srcset=\"https:\/\/alojamientolacasadelpintor.es\/wp-content\/uploads\/2024\/07\/Redondo.png 115w, https:\/\/alojamientolacasadelpintor.es\/wp-content\/uploads\/2024\/07\/Redondo-100x100.png 100w\" sizes=\"(max-width: 115px) 100vw, 115px\" \/>\t\t\t\t\t\t\t\t\t\t\t\t\t<\/div>\n\t\t\t\t<\/div>\n\t\t\t\t<div class=\"elementor-element elementor-element-b7ad005 elementor-widget__width-initial elementor-invisible elementor-widget elementor-widget-heading\" data-id=\"b7ad005\" data-element_type=\"widget\" data-settings=\"{&quot;_animation&quot;:&quot;fadeInUp&quot;,&quot;_animation_delay&quot;:100}\" data-widget_type=\"heading.default\">\n\t\t\t\t<div class=\"elementor-widget-container\">\n\t\t\t<h2 class=\"elementor-heading-title elementor-size-default\">Donde el Arte y la Naturaleza se Encuentran para Crear Experiencias \u00danicas<\/h2>\t\t<\/div>\n\t\t\t\t<\/div>\n\t\t\t\t<div class=\"elementor-element elementor-element-fa6617d elementor-widget elementor-widget-spacer\" data-id=\"fa6617d\" data-element_type=\"widget\" data-widget_type=\"spacer.default\">\n\t\t\t\t<div class=\"elementor-widget-container\">\n\t\t\t\t\t<div class=\"elementor-spacer\">\n\t\t\t<div class=\"elementor-spacer-inner\"><\/div>\n\t\t<\/div>\n\t\t\t\t<\/div>\n\t\t\t\t<\/div>\n\t\t\t\t<div class=\"elementor-element elementor-element-14b53eb elementor-widget__width-initial elementor-invisible elementor-widget elementor-widget-spacer\" data-id=\"14b53eb\" data-element_type=\"widget\" data-settings=\"{&quot;_animation&quot;:&quot;fadeInDown&quot;,&quot;_animation_delay&quot;:200}\" data-widget_type=\"spacer.default\">\n\t\t\t\t<div class=\"elementor-widget-container\">\n\t\t\t\t\t<div class=\"elementor-spacer\">\n\t\t\t<div class=\"elementor-spacer-inner\"><\/div>\n\t\t<\/div>\n\t\t\t\t<\/div>\n\t\t\t\t<\/div>\n\t\t\t\t<div class=\"elementor-element elementor-element-223b779 elementor-align-center elementor-invisible elementor-widget elementor-widget-jws-gradient-button\" data-id=\"223b779\" data-element_type=\"widget\" data-settings=\"{&quot;_animation&quot;:&quot;fadeInLeft&quot;}\" data-widget_type=\"jws-gradient-button.default\">\n\t\t\t\t<div class=\"elementor-widget-container\">\n\t\t\t\t\t<div class=\"elementor-button-wrapper\">\r\n\t\t\t<a href=\"https:\/\/alojamientolacasadelpintor.es\/proyecto\/\" class=\"elementor-button-link elementor-button btn-main button-default classic elementor-size-sm\" role=\"button\">\r\n\t\t\t\t\t\t<span class=\"elementor-button-content-wrapper\">\r\n\t\t\t\t\t\t<span class=\"elementor-button-icon elementor-align-icon-right\">\r\n\t\t\t\t<i aria-hidden=\"true\" class=\"  jws-icon-arrow-right\"><\/i>  \r\n\t\t\t<\/span>\r\n\t\t\t\t\t\t<span class=\"elementor-button-text\">Descubre Nuestro Proyecto<\/span>\r\n\t\t<\/span>\r\n\t\t\t\t\t<\/a>\r\n\t\t<\/div>\r\n\t\t\t\t<\/div>\n\t\t\t\t<\/div>\n\t\t\t\t<div class=\"elementor-element elementor-element-d5a783c elementor-widget__width-initial elementor-invisible elementor-widget elementor-widget-spacer\" data-id=\"d5a783c\" data-element_type=\"widget\" data-settings=\"{&quot;_animation&quot;:&quot;fadeInLeft&quot;,&quot;_animation_delay&quot;:200}\" data-widget_type=\"spacer.default\">\n\t\t\t\t<div class=\"elementor-widget-container\">\n\t\t\t\t\t<div class=\"elementor-spacer\">\n\t\t\t<div class=\"elementor-spacer-inner\"><\/div>\n\t\t<\/div>\n\t\t\t\t<\/div>\n\t\t\t\t<\/div>\n\t\t\t\t\t<\/div>\n\t\t<\/div>\n\t\t\t\t      \r\n            \r\n              \r\n            \r\n            \t\r\n\t\t\t<\/div>\r\n\t\t<\/section>\r\n\t\t\t\t<section class=\"elementor-section elementor-top-section elementor-element elementor-element-4028423 elementor-section-boxed elementor-section-height-default elementor-section-height-default\" data-id=\"4028423\" data-element_type=\"section\" data-settings=\"{&quot;background_background&quot;:&quot;classic&quot;}\">\r\n\t\t\t\t\t\t<div class=\"elementor-container elementor-column-gap-default jws_section_\" >\r\n\t\t\t\t<div class=\"elementor-column elementor-col-66 elementor-top-column elementor-element elementor-element-9e2a114\" data-id=\"9e2a114\" data-element_type=\"column\">\n\t\t\t<div class=\"elementor-widget-wrap elementor-element-populated\">\n\t\t\t\t\t\t<div class=\"elementor-element elementor-element-f4ff7cd elementor-invisible elementor-widget elementor-widget-heading\" data-id=\"f4ff7cd\" data-element_type=\"widget\" data-settings=\"{&quot;_animation&quot;:&quot;fadeInLeft&quot;,&quot;_animation_delay&quot;:100}\" data-widget_type=\"heading.default\">\n\t\t\t\t<div class=\"elementor-widget-container\">\n\t\t\t<h2 class=\"elementor-heading-title elementor-size-default\">\u00a1Reserva ya, al mejor precio!<\/h2>\t\t<\/div>\n\t\t\t\t<\/div>\n\t\t\t\t\t<\/div>\n\t\t<\/div>\n\t\t\t\t<div class=\"elementor-column elementor-col-33 elementor-top-column elementor-element elementor-element-f125fbe\" data-id=\"f125fbe\" data-element_type=\"column\">\n\t\t\t<div class=\"elementor-widget-wrap elementor-element-populated\">\n\t\t\t\t\t\t<div class=\"elementor-element elementor-element-dbcd8cc elementor-align-center elementor-invisible elementor-widget elementor-widget-jws-gradient-button\" data-id=\"dbcd8cc\" data-element_type=\"widget\" data-settings=\"{&quot;_animation&quot;:&quot;fadeInRight&quot;,&quot;_animation_delay&quot;:100}\" data-widget_type=\"jws-gradient-button.default\">\n\t\t\t\t<div class=\"elementor-widget-container\">\n\t\t\t\t\t<div class=\"elementor-button-wrapper\">\r\n\t\t\t<a href=\"https:\/\/alojamientolacasadelpintor.es\/accommodation\/la-casa-del-pintor\/\" class=\"elementor-button-link elementor-button btn-main button-default classic elementor-size-sm\" role=\"button\">\r\n\t\t\t\t\t\t<span class=\"elementor-button-content-wrapper\">\r\n\t\t\t\t\t\t<span class=\"elementor-button-icon elementor-align-icon-left\">\r\n\t\t\t\t<i aria-hidden=\"true\" class=\"  jws-icon-arrow-right\"><\/i>  \r\n\t\t\t<\/span>\r\n\t\t\t\t\t\t<span class=\"elementor-button-text\">RESERVAS<\/span>\r\n\t\t<\/span>\r\n\t\t\t\t\t<\/a>\r\n\t\t<\/div>\r\n\t\t\t\t<\/div>\n\t\t\t\t<\/div>\n\t\t\t\t\t<\/div>\n\t\t<\/div>\n\t\t\t\t      \r\n            \r\n              \r\n            \r\n            \t\r\n\t\t\t<\/div>\r\n\t\t<\/section>\r\n\t\t\t\t<\/div>\n\t\t","protected":false},"excerpt":{"rendered":"<p>&#8211; Con\u00f3cenos &#8211; Detr\u00e1s de La Casa del Pintor Quienes Somos Somos Carlos Dovao y Amparo Valdemoro Una pareja din\u00e1mica y emprendedora con una pasi\u00f3n compartida por el arte, el turismo y la naturaleza. Carlos Dovao, licenciado en Bellas Artes, es un artista pl\u00e1stico y gestor cultural. Su experiencia en el mundo del arte se [&hellip;]<\/p>\n","protected":false},"author":1,"featured_media":0,"parent":0,"menu_order":0,"comment_status":"closed","ping_status":"closed","template":"","meta":{"_acf_changed":false,"footnotes":""},"class_list":["post-11327","page","type-page","status-publish","hentry"],"acf":[],"_links":{"self":[{"href":"https:\/\/alojamientolacasadelpintor.es\/es\/wp-json\/wp\/v2\/pages\/11327"}],"collection":[{"href":"https:\/\/alojamientolacasadelpintor.es\/es\/wp-json\/wp\/v2\/pages"}],"about":[{"href":"https:\/\/alojamientolacasadelpintor.es\/es\/wp-json\/wp\/v2\/types\/page"}],"author":[{"embeddable":true,"href":"https:\/\/alojamientolacasadelpintor.es\/es\/wp-json\/wp\/v2\/users\/1"}],"replies":[{"embeddable":true,"href":"https:\/\/alojamientolacasadelpintor.es\/es\/wp-json\/wp\/v2\/comments?post=11327"}],"version-history":[{"count":73,"href":"https:\/\/alojamientolacasadelpintor.es\/es\/wp-json\/wp\/v2\/pages\/11327\/revisions"}],"predecessor-version":[{"id":14122,"href":"https:\/\/alojamientolacasadelpintor.es\/es\/wp-json\/wp\/v2\/pages\/11327\/revisions\/14122"}],"wp:attachment":[{"href":"https:\/\/alojamientolacasadelpintor.es\/es\/wp-json\/wp\/v2\/media?parent=11327"}],"curies":[{"name":"wp","href":"https:\/\/api.w.org\/{rel}","templated":true}]}}